{"id":1623,"date":"2019-04-10T08:42:20","date_gmt":"2019-04-10T13:42:20","guid":{"rendered":"https:\/\/fueltransport.com\/?page_id=1623"},"modified":"2019-04-10T09:06:01","modified_gmt":"2019-04-10T14:06:01","slug":"consent","status":"publish","type":"page","link":"https:\/\/fueltransport.com\/fr\/consent\/","title":{"rendered":"Consentement"},"content":{"rendered":"<div class=\"privacy-container\">\n<h2><strong>Consentement<\/strong><\/h2>\n<p>Pour cr\u00e9er et utiliser un profil sur le portail de recrutement de Fuel (\u00ab\u00a0Compte\u00a0\u00bb), vous devez lire et accepter les termes et conditions \u00e9num\u00e9r\u00e9es ci-dessous (les \u00ab\u00a0Termes\u00a0\u00bb) en s\u00e9lectionnant<strong> \u00abConsentement\u00a0\u00bb.<\/strong><\/p>\n<p>Dans le cas o\u00f9 vous ne consentez pas \u00e0 ses conditions, vous pouvez s\u00e9lectionner le bouton \u00abNe pas consentir \u00bb. Dans ce cas, vous ne serez pas en mesure de cr\u00e9er un compte. Vous serez seulement en mesure d\u2019appliquer une fois votre consentement donn\u00e9. TERMES et CONDITIONS applicables \u00e0 la cr\u00e9ation et utilisation d\u2019un compte et des informations et donn\u00e9es personnelles des utilisateurs Ce site Web, le compte et l\u2019information et documents soumis par l\u2019utilisateur (incluant les donn\u00e9es et informations personnelles) au travers l\u2019utilisation de ce site sont g\u00e9r\u00e9 et contr\u00f4l\u00e9 par Les Transports Fuel Inc. (\u00ab\u00a0Fuel\u00a0\u00bb). Vous pouvez contacter Fuel \u00e0 <a href=\"mailto:jobs@fueltransport.com\">jobs@fueltransport.com<\/a>.<\/p>\n<p>L\u2019utilisateur accepte que toutes les informations personnelles, donn\u00e9es, applications, pi\u00e8ces jointes cr\u00e9\u00e9es par lui\/elle \u00e0 travers l\u2019utilisation de ce site Web (ci-apr\u00e8s les \u00ab\u00a0Informations\u00a0\u00bb) peuvent \u00eatre utilis\u00e9 par Fuel uniquement \u00e0 des fins de recrutement. Ces Informations pourraient inclure le nom, le pr\u00e9nom, l\u2019adresse, le curriculum vitae, la lettre de pr\u00e9sentation, les questions et r\u00e9ponses de l\u2019utilisateur en lien avec la cr\u00e9ation du Compte et toutes autres informations fournies dans les documents soumis par l\u2019utilisateur en utilisant ce site web. Toutes les Informations fournies par l\u2019utilisateur seront trait\u00e9es de fa\u00e7on confidentielle. Il est sp\u00e9cifiquement convenu que Fuel pourrait partager les informations des utilisateurs avec les soci\u00e9t\u00e9s affili\u00e9es et les filiales de Fuel (applicable au Mexique : certaines d\u2019entre elles sont situ\u00e9es en dehors de l\u2019Am\u00e9rique du Nord ou de l\u2019union Europ\u00e9enne) \u00e0 des fins de traitement num\u00e9rique et de recrutement uniquement. Plus sp\u00e9cifiquement, ces Informations pourraient \u00eatre partag\u00e9es et sont r\u00e9serv\u00e9es \u00e0 l\u2019\u00e9quipe de recrutement et l\u2019\u00e9quipe de la technologie informatique responsable de la gestion de la base de donn\u00e9es et des r\u00e9seaux informatique chez Fuel, ses filiales et ses succursales. Seules les personnes autoris\u00e9es au sein de ces \u00e9quipes pourront acc\u00e9der aux informations \u00e0 des fins d\u2019utilisation interne uniquement. Le traitement des informations par Fuel, ses soci\u00e9t\u00e9s affili\u00e9es et ses filiales sera effectu\u00e9 dans un environnement num\u00e9rique interne s\u00e9curis\u00e9. Fuel, ses soci\u00e9t\u00e9s affili\u00e9es et ses filiales poss\u00e8dent des outils num\u00e9riques destin\u00e9s \u00e0 g\u00e9rer les candidatures \u00e0 des fins exploratoires ou \u00e0 des postes vacants. L\u2019utilisateur a le droit, par l\u2019entremise de son Compte ou en contactant <a href=\"mailto:jobs@fueltransport.com\">jobs@fueltransport.com<\/a> \u00e0 acc\u00e9der, modifier, compl\u00e9ter et effacer ses informations. L\u2019utilisateur a \u00e9galement le droit, pour des raisons l\u00e9gitimes, de s\u2019opposer au traitement de ses informations personnelles. L\u2019utilisateur accepte de mettre ses informations dans le syst\u00e8me de Fuel situ\u00e9 au Canada et\/ou aux \u00c9tats-Unis.\u00a0 Les Informations de l\u2019utilisateur sont conserv\u00e9es par Fuel pendant toute la dur\u00e9e d\u2019utilisation du Compte de l\u2019utilisateur et peuvent \u00e9galement \u00eatre conserv\u00e9es \u00e0 des fins de r\u00e9f\u00e9rence dans le futur. Toute information personnelle fournie par un utilisateur est volontaire, mais le fait de ne pas r\u00e9pondre aux questions pos\u00e9es tout au long du processus de cr\u00e9ation du Compte et de demande d&#8217;emploi peut emp\u00eacher la cr\u00e9ation compl\u00e8te du Compte de l&#8217;utilisateur.<\/p>\n<p>L&#8217;utilisateur convient qu&#8217;il \/ elle a l&#8217;\u00e2ge requis dans son pays et qu&#8217;il est l\u00e9galement habilit\u00e9 \u00e0 conclure cet accord.\u00a0J&#8217;accepte les pr\u00e9sentes Conditions et donne mon consentement (i) \u00e0 l&#8217;utilisation de mes informations personnelles et des donn\u00e9es recueillies lors de mon utilisation de ce site Web et de mon Compte en vertu des pr\u00e9sentes Conditions, (ii) au traitement, \u00e0 l&#8217;utilisation et au transfert potentiel de ces informations et donn\u00e9es personnelles par Fuel, ses soci\u00e9t\u00e9s affili\u00e9es et ses filiales, et (iii) \u00e0 recevoir des courriels de Fuel, de ses soci\u00e9t\u00e9s affili\u00e9es et de ses filiales concernant le Compte et les offres d&#8217;emploi.<\/p>\n<p>Note\u00a0: Le masculin est utilis\u00e9 pour all\u00e9ger le texte, et ce, sans pr\u00e9judice pour la forme f\u00e9minine.<\/p>\n<\/div>\n","protected":false},"excerpt":{"rendered":"<p>Consentement Pour cr\u00e9er et utiliser un profil sur le portail de recrutement de Fuel (\u00ab\u00a0Compte\u00a0\u00bb), vous devez lire et accepter [&hellip;]<\/p>\n","protected":false},"author":9,"featured_media":0,"parent":0,"menu_order":0,"comment_status":"closed","ping_status":"closed","template":"templates\/template-privacy.php","meta":{"_acf_changed":false,"footnotes":""},"folder":[24],"class_list":["post-1623","page","type-page","status-publish","hentry"],"acf":[],"yoast_head":"<!-- This site is optimized with the Yoast SEO plugin v27.3 - https:\/\/yoast.com\/product\/yoast-seo-wordpress\/ -->\n<title>Consentement - Fuel Transport<\/title>\n<meta name=\"robots\" content=\"index, follow, max-snippet:-1, max-image-preview:large, max-video-preview:-1\" \/>\n<link rel=\"canonical\" href=\"https:\/\/fueltransport.com\/fr\/consent\/\" \/>\n<meta property=\"og:locale\" content=\"fr_FR\" \/>\n<meta property=\"og:type\" content=\"article\" \/>\n<meta property=\"og:title\" content=\"Consentement - Fuel Transport\" \/>\n<meta property=\"og:description\" content=\"Consentement Pour cr\u00e9er et utiliser un profil sur le portail de recrutement de Fuel (\u00ab\u00a0Compte\u00a0\u00bb), vous devez lire et accepter [&hellip;]\" \/>\n<meta property=\"og:url\" content=\"https:\/\/fueltransport.com\/fr\/consent\/\" \/>\n<meta property=\"og:site_name\" content=\"Fuel Transport\" \/>\n<meta property=\"article:modified_time\" content=\"2019-04-10T14:06:01+00:00\" \/>\n<meta name=\"twitter:card\" content=\"summary_large_image\" \/>\n<meta name=\"twitter:label1\" content=\"Est. reading time\" \/>\n\t<meta name=\"twitter:data1\" content=\"4 minutes\" \/>\n<script type=\"application\/ld+json\" class=\"yoast-schema-graph\">{\"@context\":\"https:\\\/\\\/schema.org\",\"@graph\":[{\"@type\":\"WebPage\",\"@id\":\"https:\\\/\\\/fueltransport.com\\\/fr\\\/consent\\\/\",\"url\":\"https:\\\/\\\/fueltransport.com\\\/fr\\\/consent\\\/\",\"name\":\"Consentement - Fuel Transport\",\"isPartOf\":{\"@id\":\"https:\\\/\\\/fueltransport.com\\\/#website\"},\"datePublished\":\"2019-04-10T13:42:20+00:00\",\"dateModified\":\"2019-04-10T14:06:01+00:00\",\"breadcrumb\":{\"@id\":\"https:\\\/\\\/fueltransport.com\\\/fr\\\/consent\\\/#breadcrumb\"},\"inLanguage\":\"fr-FR\",\"potentialAction\":[{\"@type\":\"ReadAction\",\"target\":[\"https:\\\/\\\/fueltransport.com\\\/fr\\\/consent\\\/\"]}]},{\"@type\":\"BreadcrumbList\",\"@id\":\"https:\\\/\\\/fueltransport.com\\\/fr\\\/consent\\\/#breadcrumb\",\"itemListElement\":[{\"@type\":\"ListItem\",\"position\":1,\"name\":\"Home\",\"item\":\"https:\\\/\\\/fueltransport.com\\\/fr\\\/\"},{\"@type\":\"ListItem\",\"position\":2,\"name\":\"Consentement\"}]},{\"@type\":\"WebSite\",\"@id\":\"https:\\\/\\\/fueltransport.com\\\/#website\",\"url\":\"https:\\\/\\\/fueltransport.com\\\/\",\"name\":\"Fuel Transport\",\"description\":\"Intelligent Transport\",\"potentialAction\":[{\"@type\":\"SearchAction\",\"target\":{\"@type\":\"EntryPoint\",\"urlTemplate\":\"https:\\\/\\\/fueltransport.com\\\/?s={search_term_string}\"},\"query-input\":{\"@type\":\"PropertyValueSpecification\",\"valueRequired\":true,\"valueName\":\"search_term_string\"}}],\"inLanguage\":\"fr-FR\"}]}<\/script>\n<!-- \/ Yoast SEO plugin. -->","yoast_head_json":{"title":"Consentement - Fuel Transport","robots":{"index":"index","follow":"follow","max-snippet":"max-snippet:-1","max-image-preview":"max-image-preview:large","max-video-preview":"max-video-preview:-1"},"canonical":"https:\/\/fueltransport.com\/fr\/consent\/","og_locale":"fr_FR","og_type":"article","og_title":"Consentement - Fuel Transport","og_description":"Consentement Pour cr\u00e9er et utiliser un profil sur le portail de recrutement de Fuel (\u00ab\u00a0Compte\u00a0\u00bb), vous devez lire et accepter [&hellip;]","og_url":"https:\/\/fueltransport.com\/fr\/consent\/","og_site_name":"Fuel Transport","article_modified_time":"2019-04-10T14:06:01+00:00","twitter_card":"summary_large_image","twitter_misc":{"Est. reading time":"4 minutes"},"schema":{"@context":"https:\/\/schema.org","@graph":[{"@type":"WebPage","@id":"https:\/\/fueltransport.com\/fr\/consent\/","url":"https:\/\/fueltransport.com\/fr\/consent\/","name":"Consentement - Fuel Transport","isPartOf":{"@id":"https:\/\/fueltransport.com\/#website"},"datePublished":"2019-04-10T13:42:20+00:00","dateModified":"2019-04-10T14:06:01+00:00","breadcrumb":{"@id":"https:\/\/fueltransport.com\/fr\/consent\/#breadcrumb"},"inLanguage":"fr-FR","potentialAction":[{"@type":"ReadAction","target":["https:\/\/fueltransport.com\/fr\/consent\/"]}]},{"@type":"BreadcrumbList","@id":"https:\/\/fueltransport.com\/fr\/consent\/#breadcrumb","itemListElement":[{"@type":"ListItem","position":1,"name":"Home","item":"https:\/\/fueltransport.com\/fr\/"},{"@type":"ListItem","position":2,"name":"Consentement"}]},{"@type":"WebSite","@id":"https:\/\/fueltransport.com\/#website","url":"https:\/\/fueltransport.com\/","name":"Fuel Transport","description":"Intelligent Transport","potentialAction":[{"@type":"SearchAction","target":{"@type":"EntryPoint","urlTemplate":"https:\/\/fueltransport.com\/?s={search_term_string}"},"query-input":{"@type":"PropertyValueSpecification","valueRequired":true,"valueName":"search_term_string"}}],"inLanguage":"fr-FR"}]}},"_links":{"self":[{"href":"https:\/\/fueltransport.com\/fr\/wp-json\/wp\/v2\/pages\/1623","targetHints":{"allow":["GET"]}}],"collection":[{"href":"https:\/\/fueltransport.com\/fr\/wp-json\/wp\/v2\/pages"}],"about":[{"href":"https:\/\/fueltransport.com\/fr\/wp-json\/wp\/v2\/types\/page"}],"author":[{"embeddable":true,"href":"https:\/\/fueltransport.com\/fr\/wp-json\/wp\/v2\/users\/9"}],"replies":[{"embeddable":true,"href":"https:\/\/fueltransport.com\/fr\/wp-json\/wp\/v2\/comments?post=1623"}],"version-history":[{"count":3,"href":"https:\/\/fueltransport.com\/fr\/wp-json\/wp\/v2\/pages\/1623\/revisions"}],"predecessor-version":[{"id":1626,"href":"https:\/\/fueltransport.com\/fr\/wp-json\/wp\/v2\/pages\/1623\/revisions\/1626"}],"wp:attachment":[{"href":"https:\/\/fueltransport.com\/fr\/wp-json\/wp\/v2\/media?parent=1623"}],"wp:term":[{"taxonomy":"folder","embeddable":true,"href":"https:\/\/fueltransport.com\/fr\/wp-json\/wp\/v2\/folder?post=1623"}],"curies":[{"name":"wp","href":"https:\/\/api.w.org\/{rel}","templated":true}]}}