{"id":5760,"date":"2022-09-06T16:06:06","date_gmt":"2022-09-06T21:06:06","guid":{"rendered":"https:\/\/fueltransport.com\/flagship-warehouse-35-precidio-brampton-ontario\/"},"modified":"2022-09-07T08:13:17","modified_gmt":"2022-09-07T13:13:17","slug":"flagship-warehouse-35-precidio-brampton-ontario","status":"publish","type":"page","link":"https:\/\/fueltransport.com\/fr\/flagship-warehouse-35-precidio-brampton-ontario\/","title":{"rendered":"Entrep\u00f4t phare"},"content":{"rendered":"","protected":false},"excerpt":{"rendered":"","protected":false},"author":10,"featured_media":5658,"parent":0,"menu_order":1,"comment_status":"closed","ping_status":"closed","template":"templates\/template-default.php","meta":{"_acf_changed":false,"footnotes":""},"folder":[19],"class_list":["post-5760","page","type-page","status-publish","has-post-thumbnail","hentry"],"acf":[],"yoast_head":"<!-- This site is optimized with the Yoast SEO plugin v27.3 - https:\/\/yoast.com\/product\/yoast-seo-wordpress\/ -->\n<title>Entrep\u00f4t phare - Fuel Transport<\/title>\n<meta name=\"description\" content=\"\u00c9tendre notre impact.Nous sommes d\u00e9termin\u00e9s \u00e0 offrir \u00e0 nos clients de nouvelles strat\u00e9gies et solutions pour r\u00e9pondre \u00e0 leurs besoins en \u00e9volution, et l\u2019entrep\u00f4t de 122 442 pi2\u00a0que nous venons d\u2019acqu\u00e9rir \u00e0 Brampton, en Ontario, confirme cet engagement.\" \/>\n<meta name=\"robots\" content=\"index, follow, max-snippet:-1, max-image-preview:large, max-video-preview:-1\" \/>\n<link rel=\"canonical\" href=\"https:\/\/fueltransport.com\/fr\/flagship-warehouse-35-precidio-brampton-ontario\/\" \/>\n<meta property=\"og:locale\" content=\"fr_FR\" \/>\n<meta property=\"og:type\" content=\"article\" \/>\n<meta property=\"og:title\" content=\"Entrep\u00f4t phare - Fuel Transport\" \/>\n<meta property=\"og:description\" content=\"\u00c9tendre notre impact.Nous sommes d\u00e9termin\u00e9s \u00e0 offrir \u00e0 nos clients de nouvelles strat\u00e9gies et solutions pour r\u00e9pondre \u00e0 leurs besoins en \u00e9volution, et l\u2019entrep\u00f4t de 122 442 pi2\u00a0que nous venons d\u2019acqu\u00e9rir \u00e0 Brampton, en Ontario, confirme cet engagement.\" \/>\n<meta property=\"og:url\" content=\"https:\/\/fueltransport.com\/fr\/flagship-warehouse-35-precidio-brampton-ontario\/\" \/>\n<meta property=\"og:site_name\" content=\"Fuel Transport\" \/>\n<meta property=\"article:modified_time\" content=\"2022-09-07T13:13:17+00:00\" \/>\n<meta property=\"og:image\" content=\"https:\/\/fueltransport.com\/wp-content\/uploads\/2022\/09\/front-look-scaled.jpg\" \/>\n\t<meta property=\"og:image:width\" content=\"2560\" \/>\n\t<meta property=\"og:image:height\" content=\"1438\" \/>\n\t<meta property=\"og:image:type\" content=\"image\/jpeg\" \/>\n<meta name=\"twitter:card\" content=\"summary_large_image\" \/>\n<script type=\"application\/ld+json\" class=\"yoast-schema-graph\">{\"@context\":\"https:\\\/\\\/schema.org\",\"@graph\":[{\"@type\":\"WebPage\",\"@id\":\"https:\\\/\\\/fueltransport.com\\\/fr\\\/flagship-warehouse-35-precidio-brampton-ontario\\\/\",\"url\":\"https:\\\/\\\/fueltransport.com\\\/fr\\\/flagship-warehouse-35-precidio-brampton-ontario\\\/\",\"name\":\"Entrep\u00f4t phare - Fuel Transport\",\"isPartOf\":{\"@id\":\"https:\\\/\\\/fueltransport.com\\\/#website\"},\"primaryImageOfPage\":{\"@id\":\"https:\\\/\\\/fueltransport.com\\\/fr\\\/flagship-warehouse-35-precidio-brampton-ontario\\\/#primaryimage\"},\"image\":{\"@id\":\"https:\\\/\\\/fueltransport.com\\\/fr\\\/flagship-warehouse-35-precidio-brampton-ontario\\\/#primaryimage\"},\"thumbnailUrl\":\"https:\\\/\\\/fueltransport.com\\\/wp-content\\\/uploads\\\/2022\\\/09\\\/front-look-scaled.jpg\",\"datePublished\":\"2022-09-06T21:06:06+00:00\",\"dateModified\":\"2022-09-07T13:13:17+00:00\",\"description\":\"\u00c9tendre notre impact.Nous sommes d\u00e9termin\u00e9s \u00e0 offrir \u00e0 nos clients de nouvelles strat\u00e9gies et solutions pour r\u00e9pondre \u00e0 leurs besoins en \u00e9volution, et l\u2019entrep\u00f4t de 122 442 pi2\u00a0que nous venons d\u2019acqu\u00e9rir \u00e0 Brampton, en Ontario, confirme cet engagement.\",\"breadcrumb\":{\"@id\":\"https:\\\/\\\/fueltransport.com\\\/fr\\\/flagship-warehouse-35-precidio-brampton-ontario\\\/#breadcrumb\"},\"inLanguage\":\"fr-FR\",\"potentialAction\":[{\"@type\":\"ReadAction\",\"target\":[\"https:\\\/\\\/fueltransport.com\\\/fr\\\/flagship-warehouse-35-precidio-brampton-ontario\\\/\"]}]},{\"@type\":\"ImageObject\",\"inLanguage\":\"fr-FR\",\"@id\":\"https:\\\/\\\/fueltransport.com\\\/fr\\\/flagship-warehouse-35-precidio-brampton-ontario\\\/#primaryimage\",\"url\":\"https:\\\/\\\/fueltransport.com\\\/wp-content\\\/uploads\\\/2022\\\/09\\\/front-look-scaled.jpg\",\"contentUrl\":\"https:\\\/\\\/fueltransport.com\\\/wp-content\\\/uploads\\\/2022\\\/09\\\/front-look-scaled.jpg\",\"width\":2560,\"height\":1438},{\"@type\":\"BreadcrumbList\",\"@id\":\"https:\\\/\\\/fueltransport.com\\\/fr\\\/flagship-warehouse-35-precidio-brampton-ontario\\\/#breadcrumb\",\"itemListElement\":[{\"@type\":\"ListItem\",\"position\":1,\"name\":\"Home\",\"item\":\"https:\\\/\\\/fueltransport.com\\\/fr\\\/\"},{\"@type\":\"ListItem\",\"position\":2,\"name\":\"Entrep\u00f4t phare\"}]},{\"@type\":\"WebSite\",\"@id\":\"https:\\\/\\\/fueltransport.com\\\/#website\",\"url\":\"https:\\\/\\\/fueltransport.com\\\/\",\"name\":\"Fuel Transport\",\"description\":\"Intelligent Transport\",\"potentialAction\":[{\"@type\":\"SearchAction\",\"target\":{\"@type\":\"EntryPoint\",\"urlTemplate\":\"https:\\\/\\\/fueltransport.com\\\/?s={search_term_string}\"},\"query-input\":{\"@type\":\"PropertyValueSpecification\",\"valueRequired\":true,\"valueName\":\"search_term_string\"}}],\"inLanguage\":\"fr-FR\"}]}<\/script>\n<!-- \/ Yoast SEO plugin. -->","yoast_head_json":{"title":"Entrep\u00f4t phare - Fuel Transport","description":"\u00c9tendre notre impact.Nous sommes d\u00e9termin\u00e9s \u00e0 offrir \u00e0 nos clients de nouvelles strat\u00e9gies et solutions pour r\u00e9pondre \u00e0 leurs besoins en \u00e9volution, et l\u2019entrep\u00f4t de 122 442 pi2\u00a0que nous venons d\u2019acqu\u00e9rir \u00e0 Brampton, en Ontario, confirme cet engagement.","robots":{"index":"index","follow":"follow","max-snippet":"max-snippet:-1","max-image-preview":"max-image-preview:large","max-video-preview":"max-video-preview:-1"},"canonical":"https:\/\/fueltransport.com\/fr\/flagship-warehouse-35-precidio-brampton-ontario\/","og_locale":"fr_FR","og_type":"article","og_title":"Entrep\u00f4t phare - Fuel Transport","og_description":"\u00c9tendre notre impact.Nous sommes d\u00e9termin\u00e9s \u00e0 offrir \u00e0 nos clients de nouvelles strat\u00e9gies et solutions pour r\u00e9pondre \u00e0 leurs besoins en \u00e9volution, et l\u2019entrep\u00f4t de 122 442 pi2\u00a0que nous venons d\u2019acqu\u00e9rir \u00e0 Brampton, en Ontario, confirme cet engagement.","og_url":"https:\/\/fueltransport.com\/fr\/flagship-warehouse-35-precidio-brampton-ontario\/","og_site_name":"Fuel Transport","article_modified_time":"2022-09-07T13:13:17+00:00","og_image":[{"width":2560,"height":1438,"url":"https:\/\/fueltransport.com\/wp-content\/uploads\/2022\/09\/front-look-scaled.jpg","type":"image\/jpeg"}],"twitter_card":"summary_large_image","schema":{"@context":"https:\/\/schema.org","@graph":[{"@type":"WebPage","@id":"https:\/\/fueltransport.com\/fr\/flagship-warehouse-35-precidio-brampton-ontario\/","url":"https:\/\/fueltransport.com\/fr\/flagship-warehouse-35-precidio-brampton-ontario\/","name":"Entrep\u00f4t phare - Fuel Transport","isPartOf":{"@id":"https:\/\/fueltransport.com\/#website"},"primaryImageOfPage":{"@id":"https:\/\/fueltransport.com\/fr\/flagship-warehouse-35-precidio-brampton-ontario\/#primaryimage"},"image":{"@id":"https:\/\/fueltransport.com\/fr\/flagship-warehouse-35-precidio-brampton-ontario\/#primaryimage"},"thumbnailUrl":"https:\/\/fueltransport.com\/wp-content\/uploads\/2022\/09\/front-look-scaled.jpg","datePublished":"2022-09-06T21:06:06+00:00","dateModified":"2022-09-07T13:13:17+00:00","description":"\u00c9tendre notre impact.Nous sommes d\u00e9termin\u00e9s \u00e0 offrir \u00e0 nos clients de nouvelles strat\u00e9gies et solutions pour r\u00e9pondre \u00e0 leurs besoins en \u00e9volution, et l\u2019entrep\u00f4t de 122 442 pi2\u00a0que nous venons d\u2019acqu\u00e9rir \u00e0 Brampton, en Ontario, confirme cet engagement.","breadcrumb":{"@id":"https:\/\/fueltransport.com\/fr\/flagship-warehouse-35-precidio-brampton-ontario\/#breadcrumb"},"inLanguage":"fr-FR","potentialAction":[{"@type":"ReadAction","target":["https:\/\/fueltransport.com\/fr\/flagship-warehouse-35-precidio-brampton-ontario\/"]}]},{"@type":"ImageObject","inLanguage":"fr-FR","@id":"https:\/\/fueltransport.com\/fr\/flagship-warehouse-35-precidio-brampton-ontario\/#primaryimage","url":"https:\/\/fueltransport.com\/wp-content\/uploads\/2022\/09\/front-look-scaled.jpg","contentUrl":"https:\/\/fueltransport.com\/wp-content\/uploads\/2022\/09\/front-look-scaled.jpg","width":2560,"height":1438},{"@type":"BreadcrumbList","@id":"https:\/\/fueltransport.com\/fr\/flagship-warehouse-35-precidio-brampton-ontario\/#breadcrumb","itemListElement":[{"@type":"ListItem","position":1,"name":"Home","item":"https:\/\/fueltransport.com\/fr\/"},{"@type":"ListItem","position":2,"name":"Entrep\u00f4t phare"}]},{"@type":"WebSite","@id":"https:\/\/fueltransport.com\/#website","url":"https:\/\/fueltransport.com\/","name":"Fuel Transport","description":"Intelligent Transport","potentialAction":[{"@type":"SearchAction","target":{"@type":"EntryPoint","urlTemplate":"https:\/\/fueltransport.com\/?s={search_term_string}"},"query-input":{"@type":"PropertyValueSpecification","valueRequired":true,"valueName":"search_term_string"}}],"inLanguage":"fr-FR"}]}},"_links":{"self":[{"href":"https:\/\/fueltransport.com\/fr\/wp-json\/wp\/v2\/pages\/5760","targetHints":{"allow":["GET"]}}],"collection":[{"href":"https:\/\/fueltransport.com\/fr\/wp-json\/wp\/v2\/pages"}],"about":[{"href":"https:\/\/fueltransport.com\/fr\/wp-json\/wp\/v2\/types\/page"}],"author":[{"embeddable":true,"href":"https:\/\/fueltransport.com\/fr\/wp-json\/wp\/v2\/users\/10"}],"replies":[{"embeddable":true,"href":"https:\/\/fueltransport.com\/fr\/wp-json\/wp\/v2\/comments?post=5760"}],"version-history":[{"count":8,"href":"https:\/\/fueltransport.com\/fr\/wp-json\/wp\/v2\/pages\/5760\/revisions"}],"predecessor-version":[{"id":5770,"href":"https:\/\/fueltransport.com\/fr\/wp-json\/wp\/v2\/pages\/5760\/revisions\/5770"}],"wp:featuredmedia":[{"embeddable":true,"href":"https:\/\/fueltransport.com\/fr\/wp-json\/wp\/v2\/media\/5658"}],"wp:attachment":[{"href":"https:\/\/fueltransport.com\/fr\/wp-json\/wp\/v2\/media?parent=5760"}],"wp:term":[{"taxonomy":"folder","embeddable":true,"href":"https:\/\/fueltransport.com\/fr\/wp-json\/wp\/v2\/folder?post=5760"}],"curies":[{"name":"wp","href":"https:\/\/api.w.org\/{rel}","templated":true}]}}